{"id":18,"date":"2020-11-15T18:12:54","date_gmt":"2020-11-15T17:12:54","guid":{"rendered":"http:\/\/scietmi.cluster030.hosting.ovh.net\/?page_id=18"},"modified":"2025-10-08T19:49:54","modified_gmt":"2025-10-08T17:49:54","slug":"le-nouveau-e-mucem-ouvre-ses-portes-2","status":"publish","type":"page","link":"https:\/\/cm-isala.be\/","title":{"rendered":"Centre M\u00e9dical Isala"},"content":{"rendered":"\n<div class=\"wp-block-group alignwide\"><div class=\"wp-block-group__inner-container is-layout-flow wp-block-group-is-layout-flow\">\n<h2 class=\"wp-block-heading has-text-align-left has-normal-font-size\">Notre centre m\u00e9dical est situ\u00e9 \u00e0 Rocourt. Nous proposons des consultations avec des m\u00e9decins g\u00e9n\u00e9ralistes, sp\u00e9cialistes et des param\u00e9dicaux, ainsi que des pr\u00e9l\u00e8vements sanguins, cours de sport et ateliers en rapport avec la sant\u00e9 et le bien-\u00eatre.<\/h2>\n\n\n\n<div class=\"wp-block-buttons is-horizontal is-content-justification-center is-layout-flex wp-container-core-buttons-is-layout-499968f5 wp-block-buttons-is-layout-flex\">\n<div class=\"wp-block-button\"><a class=\"wp-block-button__link has-text-color has-background wp-element-button\" href=\"http:\/\/cm-isala.be\/index.php\/une-section-de-page-daccueil\/\" style=\"color:#00adb5;background-color:#303841\">L&rsquo;\u00e9quipe<\/a><\/div>\n\n\n\n<div class=\"wp-block-button is-style-fill\"><a class=\"wp-block-button__link has-text-color has-background wp-element-button\" href=\"http:\/\/cm-isala.be\/index.php\/notre-centre\/\" style=\"color:#00adb5;background-color:#303841\">Le centre<\/a><\/div>\n\n\n\n<div class=\"wp-block-button is-style-fill\"><a class=\"wp-block-button__link has-text-color has-background wp-element-button\" href=\"http:\/\/cm-isala.be\/index.php\/activites-2\/\" style=\"color:#00adb5;background-color:#303841\">Activit\u00e9s<\/a><\/div>\n\n\n\n<div class=\"wp-block-button is-style-fill\"><a class=\"wp-block-button__link has-text-color has-background wp-element-button\" href=\"http:\/\/cm-isala.be\/index.php\/actualites\/\" style=\"color:#00adb5;background-color:#303841\">Actualit\u00e9s<\/a><\/div>\n<\/div>\n<\/div><\/div>\n\n\n\n<div class=\"wp-block-group\"><div class=\"wp-block-group__inner-container is-layout-flow wp-block-group-is-layout-flow\">\n<p class=\"has-white-color has-text-color\">aaa<\/p>\n<\/div><\/div>\n\n\n\n<div class=\"wp-block-columns is-layout-flex wp-container-core-columns-is-layout-9d6595d7 wp-block-columns-is-layout-flex\">\n<div class=\"wp-block-column is-layout-flow wp-block-column-is-layout-flow\" style=\"flex-basis:100%\">\n<div class=\"wp-block-columns is-layout-flex wp-container-core-columns-is-layout-9d6595d7 wp-block-columns-is-layout-flex\">\n<div class=\"wp-block-column is-layout-flow wp-block-column-is-layout-flow\">\n<div class=\"wp-block-group\"><div class=\"wp-block-group__inner-container is-layout-flow wp-block-group-is-layout-flow\">\n<h2 class=\"has-text-align-center has-medium-font-size wp-block-heading\">Rejoignez notre \u00e9quipe<\/h2>\n\n\n\n<figure class=\"wp-block-image size-full\"><a href=\"http:\/\/cm-isala.be\/index.php\/notre-centre\/\"><img loading=\"lazy\" decoding=\"async\" width=\"512\" height=\"512\" src=\"http:\/\/cm-isala.be\/wp-content\/uploads\/2020\/11\/cropped-Color-logo-with-background.png\" alt=\"\" class=\"wp-image-29\" srcset=\"https:\/\/cm-isala.be\/wp-content\/uploads\/2020\/11\/cropped-Color-logo-with-background.png 512w, https:\/\/cm-isala.be\/wp-content\/uploads\/2020\/11\/cropped-Color-logo-with-background-300x300.png 300w, https:\/\/cm-isala.be\/wp-content\/uploads\/2020\/11\/cropped-Color-logo-with-background-150x150.png 150w, https:\/\/cm-isala.be\/wp-content\/uploads\/2020\/11\/cropped-Color-logo-with-background-270x270.png 270w, https:\/\/cm-isala.be\/wp-content\/uploads\/2020\/11\/cropped-Color-logo-with-background-192x192.png 192w, https:\/\/cm-isala.be\/wp-content\/uploads\/2020\/11\/cropped-Color-logo-with-background-180x180.png 180w, https:\/\/cm-isala.be\/wp-content\/uploads\/2020\/11\/cropped-Color-logo-with-background-32x32.png 32w\" sizes=\"auto, (max-width: 512px) 100vw, 512px\" \/><\/a><figcaption>Pour compl\u00e9ter l&rsquo;\u00e9quipe de notre centre m\u00e9dical situ\u00e9 \u00e0 Li\u00e8ge, nous cherchons des m\u00e9decins sp\u00e9cialistes ou des professions param\u00e9dicales. Nous disposons de sept bureaux et d&rsquo;une salle de 55 m\u00b2 susceptible d&rsquo;accueillir des activit\u00e9s collectives: yoga, \u00e9veil musical, psychomotricit\u00e9, cours collectifs&#8230; N&rsquo;h\u00e9sitez pas \u00e0 nous <a href=\"http:\/\/cm-isala.be\/index.php\/contact\/\" data-type=\"page\" data-id=\"20\">contacter<\/a> pour plus d&rsquo;informations sur les conditions de location.<\/figcaption><\/figure>\n<\/div><\/div>\n\n\n\n<hr class=\"wp-block-separator has-css-opacity aligncenter\"\/>\n\n\n\n<hr class=\"wp-block-separator has-css-opacity aligncenter\"\/>\n<\/div>\n\n\n\n<div class=\"wp-block-column is-layout-flow wp-block-column-is-layout-flow\">\n<div class=\"wp-block-group\"><div class=\"wp-block-group__inner-container is-layout-flow wp-block-group-is-layout-flow\">\n<h2 class=\"wp-block-heading has-text-align-center has-medium-font-size\">M\u00e9decine g\u00e9n\u00e9rale<\/h2>\n\n\n<div class=\"wp-block-image\">\n<figure class=\"aligncenter size-large\"><a href=\"https:\/\/cm-isala.be\/index.php\/hasmik-hovanesian\/\"><img loading=\"lazy\" decoding=\"async\" width=\"683\" height=\"1024\" src=\"http:\/\/cm-isala.be\/wp-content\/uploads\/2024\/10\/3O9A0166-1-683x1024.jpg\" alt=\"\" class=\"wp-image-2608\" srcset=\"https:\/\/cm-isala.be\/wp-content\/uploads\/2024\/10\/3O9A0166-1-683x1024.jpg 683w, https:\/\/cm-isala.be\/wp-content\/uploads\/2024\/10\/3O9A0166-1-200x300.jpg 200w, https:\/\/cm-isala.be\/wp-content\/uploads\/2024\/10\/3O9A0166-1-768x1152.jpg 768w, https:\/\/cm-isala.be\/wp-content\/uploads\/2024\/10\/3O9A0166-1-1024x1536.jpg 1024w, https:\/\/cm-isala.be\/wp-content\/uploads\/2024\/10\/3O9A0166-1-1365x2048.jpg 1365w, https:\/\/cm-isala.be\/wp-content\/uploads\/2024\/10\/3O9A0166-1-scaled.jpg 1706w\" sizes=\"auto, (max-width: 683px) 100vw, 683px\" \/><\/a><figcaption class=\"wp-element-caption\">Nous avons le plaisir de vous pr\u00e9senter le docteur Hasmik Hovanesian, qui viendra renforcer l&rsquo;\u00e9quipe de m\u00e9decine g\u00e9n\u00e9rale d\u00e8s le 7 octobre 2024.<\/figcaption><\/figure>\n<\/div>\n\n\n<p class=\"has-text-align-center\"><a href=\"https:\/\/cm-isala.be\/index.php\/hasmik-hovanesian\/\" data-type=\"page\" data-id=\"2587\">Plus d&rsquo;informations&#8230;<\/a><\/p>\n<\/div><\/div>\n\n\n\n<hr class=\"wp-block-separator has-css-opacity aligncenter\"\/>\n\n\n\n<div class=\"wp-block-group\"><div class=\"wp-block-group__inner-container is-layout-flow wp-block-group-is-layout-flow\">\n<h2 class=\"has-text-align-center has-medium-font-size wp-block-heading\">Neuropsychologie<\/h2>\n\n\n\n<figure class=\"wp-block-image size-full\"><a href=\"https:\/\/cm-isala.be\/index.php\/gaelle-wilkens-neuropsychologue\/\"><img loading=\"lazy\" decoding=\"async\" width=\"591\" height=\"591\" src=\"http:\/\/cm-isala.be\/wp-content\/uploads\/2023\/02\/Gaelle-carre.jpg\" alt=\"\" class=\"wp-image-2392\" srcset=\"https:\/\/cm-isala.be\/wp-content\/uploads\/2023\/02\/Gaelle-carre.jpg 591w, https:\/\/cm-isala.be\/wp-content\/uploads\/2023\/02\/Gaelle-carre-300x300.jpg 300w, https:\/\/cm-isala.be\/wp-content\/uploads\/2023\/02\/Gaelle-carre-150x150.jpg 150w, https:\/\/cm-isala.be\/wp-content\/uploads\/2023\/02\/Gaelle-carre-100x100.jpg 100w\" sizes=\"auto, (max-width: 591px) 100vw, 591px\" \/><\/a><figcaption class=\"wp-element-caption\">Nous avons le grand plaisir d&rsquo;accueillir Ga\u00eblle Wilkens, neuropsychologue, dont les activit\u00e9s au centre Isala d\u00e9buteront la semaine du 16 janvier.<\/figcaption><\/figure>\n\n\n\n<p class=\"has-text-align-center\"><a href=\"https:\/\/cm-isala.be\/index.php\/gaelle-wilkens-neuropsychologue\/\" data-type=\"page\" data-id=\"2302\">Plus d&rsquo;informations&#8230;<\/a><\/p>\n<\/div><\/div>\n\n\n\n<hr class=\"wp-block-separator has-css-opacity aligncenter\"\/>\n<\/div>\n\n\n\n<div class=\"wp-block-column is-layout-flow wp-block-column-is-layout-flow\">\n<div class=\"wp-block-group\"><div class=\"wp-block-group__inner-container is-layout-flow wp-block-group-is-layout-flow\">\n<h2 class=\"wp-block-heading has-text-align-center has-medium-font-size\">M\u00e9decine g\u00e9n\u00e9rale<\/h2>\n\n\n<div class=\"wp-block-image\">\n<figure class=\"aligncenter size-full\"><img loading=\"lazy\" decoding=\"async\" width=\"1263\" height=\"1250\" src=\"http:\/\/cm-isala.be\/wp-content\/uploads\/2025\/09\/01-e1759929309567.jpg\" alt=\"\" class=\"wp-image-2816\" srcset=\"https:\/\/cm-isala.be\/wp-content\/uploads\/2025\/09\/01-e1759929309567.jpg 1263w, https:\/\/cm-isala.be\/wp-content\/uploads\/2025\/09\/01-e1759929309567-300x297.jpg 300w, https:\/\/cm-isala.be\/wp-content\/uploads\/2025\/09\/01-e1759929309567-1024x1013.jpg 1024w, https:\/\/cm-isala.be\/wp-content\/uploads\/2025\/09\/01-e1759929309567-768x760.jpg 768w, https:\/\/cm-isala.be\/wp-content\/uploads\/2025\/09\/01-e1759929309567-100x100.jpg 100w\" sizes=\"auto, (max-width: 767px) 89vw, (max-width: 1000px) 54vw, (max-width: 1071px) 543px, 580px\" \/><figcaption class=\"wp-element-caption\">Nous avons le plaisir de vous annoncer l&rsquo;arriv\u00e9e de Laura Silversmet, qui vient renforcer l&rsquo;\u00e9quipe de m\u00e9decine g\u00e9n\u00e9rale \u00e0 partir du 1er octobre 2025<\/figcaption><\/figure>\n<\/div>\n\n\n<p class=\"has-text-align-center\"><\/p>\n<\/div><\/div>\n\n\n\n<hr class=\"wp-block-separator has-css-opacity aligncenter\"\/>\n\n\n\n<div class=\"wp-block-group\"><div class=\"wp-block-group__inner-container is-layout-flow wp-block-group-is-layout-flow\">\n<h2 class=\"has-text-align-center has-medium-font-size wp-block-heading\">Cours collectifs Fitness Renforcement Cardio<\/h2>\n\n\n\n<figure class=\"wp-block-image size-full\"><a href=\"https:\/\/cm-isala.be\/index.php\/jess-fitsyouwell\/\"><img loading=\"lazy\" decoding=\"async\" width=\"842\" height=\"842\" src=\"https:\/\/cm-isala.be\/wp-content\/uploads\/2023\/09\/Jessfitsyouwell-logo.png\" alt=\"\" class=\"wp-image-2532\" srcset=\"https:\/\/cm-isala.be\/wp-content\/uploads\/2023\/09\/Jessfitsyouwell-logo.png 842w, https:\/\/cm-isala.be\/wp-content\/uploads\/2023\/09\/Jessfitsyouwell-logo-300x300.png 300w, https:\/\/cm-isala.be\/wp-content\/uploads\/2023\/09\/Jessfitsyouwell-logo-150x150.png 150w, https:\/\/cm-isala.be\/wp-content\/uploads\/2023\/09\/Jessfitsyouwell-logo-768x768.png 768w, https:\/\/cm-isala.be\/wp-content\/uploads\/2023\/09\/Jessfitsyouwell-logo-100x100.png 100w\" sizes=\"auto, (max-width: 767px) 89vw, (max-width: 1000px) 54vw, (max-width: 1071px) 543px, 580px\" \/><\/a><figcaption class=\"wp-element-caption\">Nous accueillons l&rsquo;\u00e9quipe \u00ab\u00a0Jess FitsYouWell\u00a0\u00bb qui vous propose des cours collectifs de fitness, cardio et renforcement musculaire revisit\u00e9s&#8230;<\/figcaption><\/figure>\n\n\n\n<p class=\"has-text-align-center\"><a href=\"https:\/\/cm-isala.be\/index.php\/jess-fitsyouwell\/\" data-type=\"page\" data-id=\"2512\">En savoir plus&#8230;<\/a><\/p>\n<\/div><\/div>\n\n\n\n<hr class=\"wp-block-separator has-css-opacity aligncenter\"\/>\n<\/div>\n<\/div>\n<\/div>\n<\/div>\n\n\n\n<p><\/p>\n\n\n\n<figure class=\"wp-block-gallery has-nested-images columns-default is-cropped wp-block-gallery-1 is-layout-flex wp-block-gallery-is-layout-flex\">\n<figure class=\"wp-block-image size-large\"><img loading=\"lazy\" decoding=\"async\" width=\"768\" height=\"768\" data-id=\"2775\" src=\"https:\/\/cm-isala.be\/wp-content\/uploads\/2025\/03\/profile_picture_symbol-768x768-1.png\" alt=\"\" class=\"wp-image-2775\" srcset=\"https:\/\/cm-isala.be\/wp-content\/uploads\/2025\/03\/profile_picture_symbol-768x768-1.png 768w, https:\/\/cm-isala.be\/wp-content\/uploads\/2025\/03\/profile_picture_symbol-768x768-1-300x300.png 300w, https:\/\/cm-isala.be\/wp-content\/uploads\/2025\/03\/profile_picture_symbol-768x768-1-150x150.png 150w, https:\/\/cm-isala.be\/wp-content\/uploads\/2025\/03\/profile_picture_symbol-768x768-1-100x100.png 100w\" sizes=\"auto, (max-width: 767px) 89vw, (max-width: 1000px) 54vw, (max-width: 1071px) 543px, 580px\" \/><\/figure>\n\n\n\n<figure class=\"wp-block-image size-large\"><a href=\"https:\/\/cm-isala.be\/index.php\/isala-van-diest\/\"><img loading=\"lazy\" decoding=\"async\" width=\"782\" height=\"1024\" data-id=\"2596\" src=\"https:\/\/cm-isala.be\/wp-content\/uploads\/2024\/09\/Isala-and-sister-782x1024-1.jpg\" alt=\"\" class=\"wp-image-2596\" srcset=\"https:\/\/cm-isala.be\/wp-content\/uploads\/2024\/09\/Isala-and-sister-782x1024-1.jpg 782w, https:\/\/cm-isala.be\/wp-content\/uploads\/2024\/09\/Isala-and-sister-782x1024-1-229x300.jpg 229w, https:\/\/cm-isala.be\/wp-content\/uploads\/2024\/09\/Isala-and-sister-782x1024-1-768x1006.jpg 768w\" sizes=\"auto, (max-width: 767px) 89vw, (max-width: 1000px) 54vw, (max-width: 1071px) 543px, 580px\" \/><\/a><figcaption class=\"wp-element-caption\"><a href=\"https:\/\/cm-isala.be\/index.php\/isala-van-diest\/\" data-type=\"page\" data-id=\"2595\">Isala Van Diest<\/a><\/figcaption><\/figure>\n<\/figure>\n\n\n\n<p><\/p>\n","protected":false},"excerpt":{"rendered":"<p>Notre centre m\u00e9dical est situ\u00e9 \u00e0 Rocourt. Nous proposons des consultations avec des m\u00e9decins g\u00e9n\u00e9ralistes, sp\u00e9cialistes et des param\u00e9dicaux, ainsi que des pr\u00e9l\u00e8vements sanguins, cours de sport et ateliers en rapport avec la sant\u00e9 et le bien-\u00eatre. aaa<\/p>\n","protected":false},"author":1,"featured_media":0,"parent":0,"menu_order":0,"comment_status":"closed","ping_status":"closed","template":"","meta":{"footnotes":""},"class_list":["post-18","page","type-page","status-publish","hentry"],"_links":{"self":[{"href":"https:\/\/cm-isala.be\/index.php\/wp-json\/wp\/v2\/pages\/18","targetHints":{"allow":["GET"]}}],"collection":[{"href":"https:\/\/cm-isala.be\/index.php\/wp-json\/wp\/v2\/pages"}],"about":[{"href":"https:\/\/cm-isala.be\/index.php\/wp-json\/wp\/v2\/types\/page"}],"author":[{"embeddable":true,"href":"https:\/\/cm-isala.be\/index.php\/wp-json\/wp\/v2\/users\/1"}],"replies":[{"embeddable":true,"href":"https:\/\/cm-isala.be\/index.php\/wp-json\/wp\/v2\/comments?post=18"}],"version-history":[{"count":113,"href":"https:\/\/cm-isala.be\/index.php\/wp-json\/wp\/v2\/pages\/18\/revisions"}],"predecessor-version":[{"id":2855,"href":"https:\/\/cm-isala.be\/index.php\/wp-json\/wp\/v2\/pages\/18\/revisions\/2855"}],"wp:attachment":[{"href":"https:\/\/cm-isala.be\/index.php\/wp-json\/wp\/v2\/media?parent=18"}],"curies":[{"name":"wp","href":"https:\/\/api.w.org\/{rel}","templated":true}]}}