{"id":2595,"date":"2024-09-29T18:08:50","date_gmt":"2024-09-29T16:08:50","guid":{"rendered":"http:\/\/cm-isala.be\/?page_id=2595"},"modified":"2024-09-29T18:08:50","modified_gmt":"2024-09-29T16:08:50","slug":"isala-van-diest","status":"publish","type":"page","link":"https:\/\/cm-isala.be\/index.php\/isala-van-diest\/","title":{"rendered":"Isala Van Diest"},"content":{"rendered":"\n<figure class=\"wp-block-image size-full\"><img loading=\"lazy\" decoding=\"async\" width=\"782\" height=\"1024\" src=\"http:\/\/cm-isala.be\/wp-content\/uploads\/2024\/09\/Isala-and-sister-782x1024-1.jpg\" alt=\"\" class=\"wp-image-2596\" srcset=\"https:\/\/cm-isala.be\/wp-content\/uploads\/2024\/09\/Isala-and-sister-782x1024-1.jpg 782w, https:\/\/cm-isala.be\/wp-content\/uploads\/2024\/09\/Isala-and-sister-782x1024-1-229x300.jpg 229w, https:\/\/cm-isala.be\/wp-content\/uploads\/2024\/09\/Isala-and-sister-782x1024-1-768x1006.jpg 768w\" sizes=\"auto, (max-width: 767px) 89vw, (max-width: 1000px) 54vw, (max-width: 1071px) 543px, 580px\" \/><\/figure>\n\n\n\n<p>Si vous vous demandez pourquoi le centre Isala s&rsquo;appelle comme \u00e7a, voici une petite explication:<\/p>\n\n\n\n<p>Isala Van Diest est la premi\u00e8re femme m\u00e9decin et la premi\u00e8re femme universitaire de Belgique. Sa carri\u00e8re de grande scientifique tout autant que son engagement social et citoyen, sa lutte contre les pr\u00e9jug\u00e9s sont remarquables.<\/p>\n\n\n\n<p>N\u00e9e \u00e0 Louvain en 1842, elle est d\u00e9c\u00e9d\u00e9e \u00e0 Knokke en 1916. Lorsque l\u2019universit\u00e9 catholique de Louvain lui refuse des \u00e9tudes universitaires, elle se tourne vers la Suisse o\u00f9 elle obtient un dipl\u00f4me en m\u00e9decine, qu\u2019elle pratique ensuite en Grande-Bretagne. En 1882, elle entreprend des \u00e9tudes compl\u00e9mentaires \u00e0 l\u2019ULB. Deux ans plus tard, elle est autoris\u00e9e \u00e0 pratiquer la m\u00e9decine en Belgique par un arr\u00eat\u00e9 royal.<\/p>\n\n\n\n<p>Sur ce tableau de Pierre Joseph Steger (+\/- 1855), elle est repr\u00e9sent\u00e9e, \u00e0 gauche, avec sa soeur Miranda.<\/p>\n","protected":false},"excerpt":{"rendered":"<p>Si vous vous demandez pourquoi le centre Isala s&rsquo;appelle comme \u00e7a, voici une petite explication: Isala Van Diest est la premi\u00e8re femme m\u00e9decin et la premi\u00e8re femme universitaire de Belgique. Sa carri\u00e8re de grande scientifique tout autant que son engagement social et citoyen, sa lutte contre les pr\u00e9jug\u00e9s sont remarquables. N\u00e9e \u00e0 Louvain en 1842, &hellip; <\/p>\n<p class=\"link-more\"><a href=\"https:\/\/cm-isala.be\/index.php\/isala-van-diest\/\" class=\"more-link\">Continuer la lecture<span class=\"screen-reader-text\"> de &laquo;&nbsp;Isala Van Diest&nbsp;&raquo;<\/span><\/a><\/p>\n","protected":false},"author":2,"featured_media":0,"parent":0,"menu_order":0,"comment_status":"closed","ping_status":"closed","template":"","meta":{"footnotes":""},"class_list":["post-2595","page","type-page","status-publish","hentry"],"_links":{"self":[{"href":"https:\/\/cm-isala.be\/index.php\/wp-json\/wp\/v2\/pages\/2595","targetHints":{"allow":["GET"]}}],"collection":[{"href":"https:\/\/cm-isala.be\/index.php\/wp-json\/wp\/v2\/pages"}],"about":[{"href":"https:\/\/cm-isala.be\/index.php\/wp-json\/wp\/v2\/types\/page"}],"author":[{"embeddable":true,"href":"https:\/\/cm-isala.be\/index.php\/wp-json\/wp\/v2\/users\/2"}],"replies":[{"embeddable":true,"href":"https:\/\/cm-isala.be\/index.php\/wp-json\/wp\/v2\/comments?post=2595"}],"version-history":[{"count":1,"href":"https:\/\/cm-isala.be\/index.php\/wp-json\/wp\/v2\/pages\/2595\/revisions"}],"predecessor-version":[{"id":2598,"href":"https:\/\/cm-isala.be\/index.php\/wp-json\/wp\/v2\/pages\/2595\/revisions\/2598"}],"wp:attachment":[{"href":"https:\/\/cm-isala.be\/index.php\/wp-json\/wp\/v2\/media?parent=2595"}],"curies":[{"name":"wp","href":"https:\/\/api.w.org\/{rel}","templated":true}]}}