{"id":797,"date":"2021-01-02T17:08:22","date_gmt":"2021-01-02T16:08:22","guid":{"rendered":"http:\/\/cm-isala.be\/?page_id=797"},"modified":"2025-06-22T10:50:18","modified_gmt":"2025-06-22T08:50:18","slug":"docteur-patrick-poth","status":"publish","type":"page","link":"https:\/\/cm-isala.be\/index.php\/docteur-patrick-poth\/","title":{"rendered":"Docteur Patrick POTH"},"content":{"rendered":"\n<div class=\"wp-block-group alignwide\"><div class=\"wp-block-group__inner-container is-layout-flow wp-block-group-is-layout-flow\">\n<div class=\"wp-block-media-text alignwide is-stacked-on-mobile is-vertically-aligned-center\"><figure class=\"wp-block-media-text__media\"><img loading=\"lazy\" decoding=\"async\" width=\"683\" height=\"1024\" src=\"https:\/\/cm-isala.be\/wp-content\/uploads\/2024\/10\/3O9A0234-683x1024.jpg\" alt=\"\" class=\"wp-image-2659 size-full\" srcset=\"https:\/\/cm-isala.be\/wp-content\/uploads\/2024\/10\/3O9A0234-683x1024.jpg 683w, https:\/\/cm-isala.be\/wp-content\/uploads\/2024\/10\/3O9A0234-200x300.jpg 200w, https:\/\/cm-isala.be\/wp-content\/uploads\/2024\/10\/3O9A0234-768x1152.jpg 768w, https:\/\/cm-isala.be\/wp-content\/uploads\/2024\/10\/3O9A0234-1024x1536.jpg 1024w, https:\/\/cm-isala.be\/wp-content\/uploads\/2024\/10\/3O9A0234-1365x2048.jpg 1365w, https:\/\/cm-isala.be\/wp-content\/uploads\/2024\/10\/3O9A0234-scaled.jpg 1706w\" sizes=\"auto, (max-width: 683px) 100vw, 683px\" \/><\/figure><div class=\"wp-block-media-text__content\">\n<div style=\"height:20px\" aria-hidden=\"true\" class=\"wp-block-spacer\"><\/div>\n\n\n\n<p class=\"has-text-align-center\" style=\"font-size:22px\">Docteur Patrick POTH<br>M\u00e9decin g\u00e9n\u00e9raliste<\/p>\n\n\n\n<p><\/p>\n<\/div><\/div>\n\n\n\n<p><\/p>\n\n\n\n<p>Photo: <a href=\"https:\/\/www.instagram.com\/anned.photographe\/\">Anne Daniel<\/a><\/p>\n\n\n\n<div class=\"wp-block-buttons is-layout-flex wp-block-buttons-is-layout-flex\">\n<div class=\"wp-block-button\"><a class=\"wp-block-button__link has-text-align-center wp-element-button\" href=\"https:\/\/booking.mobminder.com\/centremedicalisala\/\">Prendre rendez-vous<\/a><\/div>\n<\/div>\n\n\n\n<p><br>Consultations de m\u00e9decine g\u00e9n\u00e9rale sur rendez-vous, visites \u00e0 domicile.<\/p>\n\n\n\n<p>Les m\u00e9decins g\u00e9n\u00e9ralistes d&rsquo;Isala sont conventionn\u00e9s et pratiquent le tiers-payant.<\/p>\n\n\n\n<p>Le montant des honoraires est le suivant:<\/p>\n\n\n\n<ul class=\"wp-block-list\">\n<li>Consultations: 1 \u20ac pour les patients assur\u00e9s pr\u00e9f\u00e9rentiels (\u00ab\u00a0BIM\u00a0\u00bb, \u00ab\u00a0VIPO\u00a0\u00bb) (1,50 \u20ac si nous ne sommes pas titulaires de votre DMG), 4 \u20ac pour les assur\u00e9s ordinaires (6 \u20ac si nous ne sommes pas titulaires du DMG).<\/li>\n\n\n\n<li>Visites \u00e0 domicile: 2,50 \u20ac pour les patients assur\u00e9s pr\u00e9f\u00e9rentiels, 11 \u20ac pour les autres.<\/li>\n\n\n\n<li>Il est possible que le montant de vos honoraires soit inf\u00e9rieur \u00e0 ceux mentionn\u00e9s ici, notamment en cas de pathologie chronique ou de d\u00e9passement du MAF.  Nous vous donnerons plus d&rsquo;infos en consultation si n\u00e9cessaire.<\/li>\n<\/ul>\n\n\n\n<p>La diff\u00e9rence pour les patients dont nous ne g\u00e9rons pas le DMG ne r\u00e9sulte pas d\u2019un choix de notre part, mais nous est impos\u00e9e dans les tarifs de la convention.<\/p>\n\n\n\n<p>Les montants demand\u00e9s ne doivent jamais constituer un frein \u00e0 votre suivi m\u00e9dical. En cas de probl\u00e8me financier, n&rsquo;h\u00e9sitez pas \u00e0 nous en parler&#8230;<\/p>\n\n\n\n<p><strong>Contact<\/strong><\/p>\n<\/div><\/div>\n\n\n\n<ul class=\"wp-block-list\">\n<li>Vous pouvez \u00e9galement prendre rdv au 0495\/41.48.02<\/li>\n\n\n\n<li>medecinegenerale.isala@gmail.com<\/li>\n<\/ul>\n\n\n\n<p><\/p>\n","protected":false},"excerpt":{"rendered":"<p>Docteur Patrick POTHM\u00e9decin g\u00e9n\u00e9raliste Photo: Anne Daniel Consultations de m\u00e9decine g\u00e9n\u00e9rale sur rendez-vous, visites \u00e0 domicile. Les m\u00e9decins g\u00e9n\u00e9ralistes d&rsquo;Isala sont conventionn\u00e9s et pratiquent le tiers-payant. Le montant des honoraires est le suivant: La diff\u00e9rence pour les patients dont nous ne g\u00e9rons pas le DMG ne r\u00e9sulte pas d\u2019un choix de notre part, mais nous &hellip; <\/p>\n<p class=\"link-more\"><a href=\"https:\/\/cm-isala.be\/index.php\/docteur-patrick-poth\/\" class=\"more-link\">Continuer la lecture<span class=\"screen-reader-text\"> de &laquo;&nbsp;Docteur Patrick POTH&nbsp;&raquo;<\/span><\/a><\/p>\n","protected":false},"author":1,"featured_media":0,"parent":0,"menu_order":0,"comment_status":"closed","ping_status":"closed","template":"","meta":{"footnotes":""},"class_list":["post-797","page","type-page","status-publish","hentry"],"_links":{"self":[{"href":"https:\/\/cm-isala.be\/index.php\/wp-json\/wp\/v2\/pages\/797","targetHints":{"allow":["GET"]}}],"collection":[{"href":"https:\/\/cm-isala.be\/index.php\/wp-json\/wp\/v2\/pages"}],"about":[{"href":"https:\/\/cm-isala.be\/index.php\/wp-json\/wp\/v2\/types\/page"}],"author":[{"embeddable":true,"href":"https:\/\/cm-isala.be\/index.php\/wp-json\/wp\/v2\/users\/1"}],"replies":[{"embeddable":true,"href":"https:\/\/cm-isala.be\/index.php\/wp-json\/wp\/v2\/comments?post=797"}],"version-history":[{"count":21,"href":"https:\/\/cm-isala.be\/index.php\/wp-json\/wp\/v2\/pages\/797\/revisions"}],"predecessor-version":[{"id":2805,"href":"https:\/\/cm-isala.be\/index.php\/wp-json\/wp\/v2\/pages\/797\/revisions\/2805"}],"wp:attachment":[{"href":"https:\/\/cm-isala.be\/index.php\/wp-json\/wp\/v2\/media?parent=797"}],"curies":[{"name":"wp","href":"https:\/\/api.w.org\/{rel}","templated":true}]}}